{"id":471,"date":"2013-11-28T05:22:31","date_gmt":"2013-11-28T05:22:31","guid":{"rendered":"http:\/\/localhost\/paradise-cove\/?page_id=471"},"modified":"2016-10-18T22:14:56","modified_gmt":"2016-10-19T01:14:56","slug":"viva-una-experiencia-unica","status":"publish","type":"page","link":"https:\/\/posadadelcorumba.com\/deutsch\/viva-una-experiencia-unica\/","title":{"rendered":"ERLEBEN SIE ETWAS EINZIGARTIGES"},"content":{"rendered":"<p>Die Posada l\u00e4dt mit ihrer besonderen s\u00fcdl\u00e4ndischen Atmosph\u00e4re ein. H\u00f6lzer und wilde Blumen, Farben und D\u00fcfte, Windbrisen und Vogelges\u00e4nge warten auf Sie, um Mutter Natur zu ersp\u00fcren, erleben und erfahren.<\/p>\n<p>Unser prim\u00e4res Ziel ist es, dem einzigartigen Frieden und der Stille n\u00e4her zu kommen, die nur Mutter Erde geben kann. Sie werden ein Naturparadies vorfinden mit einer gro\u00dfen Vielfalt an Flora und Fauna.<\/p>\n<p>Alle Mitarbeiter stehen Ihnen zur Verf\u00fcgung, damit Sie Ihren Urlaub in vollen Z\u00fcgen genie\u00dfen k\u00f6nnen.<\/p>\n<p>Wir sprechen Spanisch, Englisch und Deutsch.<\/p>\n<style type=\"text\/css\">\n\t\t\t#gallery-1 {\n\t\t\t\tmargin: auto;\n\t\t\t}\n\t\t\t#gallery-1 .gallery-item {\n\t\t\t\tfloat: left;\n\t\t\t\tmargin-top: 10px;\n\t\t\t\ttext-align: center;\n\t\t\t\twidth: 33%;\n\t\t\t}\n\t\t\t#gallery-1 img {\n\t\t\t\tborder: 2px solid #cfcfcf;\n\t\t\t}\n\t\t\t#gallery-1 .gallery-caption {\n\t\t\t\tmargin-left: 0;\n\t\t\t}\n\t\t\t\/* see gallery_shortcode() in wp-includes\/media.php *\/\n\t\t<\/style>\n<div id='gallery-1' class='gallery galleryid-471 gallery-columns-3 gallery-size-medium'>\n<dl class='gallery-item'>\n<dt class='gallery-icon landscape'>\n\t\t\t\t<img width=\"300\" height=\"200\" src=\"https:\/\/posadadelcorumba.com\/deutsch\/wp-content\/uploads\/2013\/11\/lapaloma-playas-019-300x200.jpg\" class=\"attachment-medium size-medium\" alt=\"\" decoding=\"async\" loading=\"lazy\" aria-describedby=\"gallery-1-903\" srcset=\"https:\/\/posadadelcorumba.com\/deutsch\/wp-content\/uploads\/2013\/11\/lapaloma-playas-019-300x200.jpg 300w, https:\/\/posadadelcorumba.com\/deutsch\/wp-content\/uploads\/2013\/11\/lapaloma-playas-019-768x512.jpg 768w, https:\/\/posadadelcorumba.com\/deutsch\/wp-content\/uploads\/2013\/11\/lapaloma-playas-019-1024x683.jpg 1024w, https:\/\/posadadelcorumba.com\/deutsch\/wp-content\/uploads\/2013\/11\/lapaloma-playas-019-e1469117345509.jpg 265w\" sizes=\"(max-width: 300px) 100vw, 300px\" \/>\n\t\t\t<\/dt>\n<dd class='wp-caption-text gallery-caption' id='gallery-1-903'>\n\t\t\t\tStr\u00e4nde\n\t\t\t\t<\/dd>\n<\/dl>\n<dl class='gallery-item'>\n<dt class='gallery-icon landscape'>\n\t\t\t\t<img width=\"300\" height=\"200\" src=\"https:\/\/posadadelcorumba.com\/deutsch\/wp-content\/uploads\/2013\/11\/lapaloma-playas-003-300x200.jpg\" class=\"attachment-medium size-medium\" alt=\"\" decoding=\"async\" loading=\"lazy\" aria-describedby=\"gallery-1-887\" srcset=\"https:\/\/posadadelcorumba.com\/deutsch\/wp-content\/uploads\/2013\/11\/lapaloma-playas-003-300x200.jpg 300w, https:\/\/posadadelcorumba.com\/deutsch\/wp-content\/uploads\/2013\/11\/lapaloma-playas-003-768x512.jpg 768w, https:\/\/posadadelcorumba.com\/deutsch\/wp-content\/uploads\/2013\/11\/lapaloma-playas-003-1024x683.jpg 1024w, https:\/\/posadadelcorumba.com\/deutsch\/wp-content\/uploads\/2013\/11\/lapaloma-playas-003.jpg 1600w\" sizes=\"(max-width: 300px) 100vw, 300px\" \/>\n\t\t\t<\/dt>\n<dd class='wp-caption-text gallery-caption' id='gallery-1-887'>\n\t\t\t\tAusfl\u00fcge\n\t\t\t\t<\/dd>\n<\/dl>\n<dl class='gallery-item'>\n<dt class='gallery-icon landscape'>\n\t\t\t\t<img width=\"300\" height=\"200\" src=\"https:\/\/posadadelcorumba.com\/deutsch\/wp-content\/uploads\/2013\/11\/surf-008-300x200.jpg\" class=\"attachment-medium size-medium\" alt=\"\" decoding=\"async\" loading=\"lazy\" aria-describedby=\"gallery-1-940\" srcset=\"https:\/\/posadadelcorumba.com\/deutsch\/wp-content\/uploads\/2013\/11\/surf-008-300x200.jpg 300w, https:\/\/posadadelcorumba.com\/deutsch\/wp-content\/uploads\/2013\/11\/surf-008-768x512.jpg 768w, https:\/\/posadadelcorumba.com\/deutsch\/wp-content\/uploads\/2013\/11\/surf-008-1024x683.jpg 1024w, https:\/\/posadadelcorumba.com\/deutsch\/wp-content\/uploads\/2013\/11\/surf-008.jpg 1600w\" sizes=\"(max-width: 300px) 100vw, 300px\" \/>\n\t\t\t<\/dt>\n<dd class='wp-caption-text gallery-caption' id='gallery-1-940'>\n\t\t\t\tSport\n\t\t\t\t<\/dd>\n<\/dl>\n<p><br style=\"clear: both\" \/><\/p>\n<dl class='gallery-item'>\n<dt class='gallery-icon landscape'>\n\t\t\t\t<img width=\"300\" height=\"183\" src=\"https:\/\/posadadelcorumba.com\/deutsch\/wp-content\/uploads\/2013\/11\/laguna-de-rocha-001-1-300x183.jpg\" class=\"attachment-medium size-medium\" alt=\"\" decoding=\"async\" loading=\"lazy\" aria-describedby=\"gallery-1-920\" srcset=\"https:\/\/posadadelcorumba.com\/deutsch\/wp-content\/uploads\/2013\/11\/laguna-de-rocha-001-1-300x183.jpg 300w, https:\/\/posadadelcorumba.com\/deutsch\/wp-content\/uploads\/2013\/11\/laguna-de-rocha-001-1-768x468.jpg 768w, https:\/\/posadadelcorumba.com\/deutsch\/wp-content\/uploads\/2013\/11\/laguna-de-rocha-001-1-1024x623.jpg 1024w, https:\/\/posadadelcorumba.com\/deutsch\/wp-content\/uploads\/2013\/11\/laguna-de-rocha-001-1.jpg 1600w\" sizes=\"(max-width: 300px) 100vw, 300px\" \/>\n\t\t\t<\/dt>\n<dd class='wp-caption-text gallery-caption' id='gallery-1-920'>\n\t\t\t\tNatur\n\t\t\t\t<\/dd>\n<\/dl>\n<dl class='gallery-item'>\n<dt class='gallery-icon landscape'>\n\t\t\t\t<img width=\"300\" height=\"200\" src=\"https:\/\/posadadelcorumba.com\/deutsch\/wp-content\/uploads\/2016\/07\/cabanas-001-300x200.jpg\" class=\"attachment-medium size-medium\" alt=\"\" decoding=\"async\" loading=\"lazy\" aria-describedby=\"gallery-1-1019\" srcset=\"https:\/\/posadadelcorumba.com\/deutsch\/wp-content\/uploads\/2016\/07\/cabanas-001-300x200.jpg 300w, https:\/\/posadadelcorumba.com\/deutsch\/wp-content\/uploads\/2016\/07\/cabanas-001-768x511.jpg 768w, https:\/\/posadadelcorumba.com\/deutsch\/wp-content\/uploads\/2016\/07\/cabanas-001-1024x682.jpg 1024w, https:\/\/posadadelcorumba.com\/deutsch\/wp-content\/uploads\/2016\/07\/cabanas-001.jpg 1600w\" sizes=\"(max-width: 300px) 100vw, 300px\" \/>\n\t\t\t<\/dt>\n<dd class='wp-caption-text gallery-caption' id='gallery-1-1019'>\n\t\t\t\tKomfort\n\t\t\t\t<\/dd>\n<\/dl>\n<dl class='gallery-item'>\n<dt class='gallery-icon landscape'>\n\t\t\t\t<img width=\"300\" height=\"200\" src=\"https:\/\/posadadelcorumba.com\/deutsch\/wp-content\/uploads\/2016\/07\/pesca-001-300x200.jpg\" class=\"attachment-medium size-medium\" alt=\"\" decoding=\"async\" loading=\"lazy\" aria-describedby=\"gallery-1-970\" srcset=\"https:\/\/posadadelcorumba.com\/deutsch\/wp-content\/uploads\/2016\/07\/pesca-001-300x200.jpg 300w, https:\/\/posadadelcorumba.com\/deutsch\/wp-content\/uploads\/2016\/07\/pesca-001-768x512.jpg 768w, https:\/\/posadadelcorumba.com\/deutsch\/wp-content\/uploads\/2016\/07\/pesca-001-1024x683.jpg 1024w, https:\/\/posadadelcorumba.com\/deutsch\/wp-content\/uploads\/2016\/07\/pesca-001.jpg 1600w\" sizes=\"(max-width: 300px) 100vw, 300px\" \/>\n\t\t\t<\/dt>\n<dd class='wp-caption-text gallery-caption' id='gallery-1-970'>\n\t\t\t\tErholung\n\t\t\t\t<\/dd>\n<\/dl>\n<p><br style=\"clear: both\" \/><\/p>\n<dl class='gallery-item'>\n<dt class='gallery-icon landscape'>\n\t\t\t\t<img width=\"300\" height=\"203\" src=\"https:\/\/posadadelcorumba.com\/deutsch\/wp-content\/uploads\/2016\/07\/monoambiente-001-300x203.jpg\" class=\"attachment-medium size-medium\" alt=\"\" decoding=\"async\" loading=\"lazy\" aria-describedby=\"gallery-1-981\" srcset=\"https:\/\/posadadelcorumba.com\/deutsch\/wp-content\/uploads\/2016\/07\/monoambiente-001-300x203.jpg 300w, https:\/\/posadadelcorumba.com\/deutsch\/wp-content\/uploads\/2016\/07\/monoambiente-001-768x519.jpg 768w, https:\/\/posadadelcorumba.com\/deutsch\/wp-content\/uploads\/2016\/07\/monoambiente-001-1024x692.jpg 1024w, https:\/\/posadadelcorumba.com\/deutsch\/wp-content\/uploads\/2016\/07\/monoambiente-001.jpg 1600w\" sizes=\"(max-width: 300px) 100vw, 300px\" \/>\n\t\t\t<\/dt>\n<dd class='wp-caption-text gallery-caption' id='gallery-1-981'>\n\t\t\t\tKomfort\n\t\t\t\t<\/dd>\n<\/dl>\n<dl class='gallery-item'>\n<dt class='gallery-icon landscape'>\n\t\t\t\t<img width=\"300\" height=\"225\" src=\"https:\/\/posadadelcorumba.com\/deutsch\/wp-content\/uploads\/2013\/11\/laguna-de-rocha-008-300x225.jpg\" class=\"attachment-medium size-medium\" alt=\"\" decoding=\"async\" loading=\"lazy\" aria-describedby=\"gallery-1-927\" srcset=\"https:\/\/posadadelcorumba.com\/deutsch\/wp-content\/uploads\/2013\/11\/laguna-de-rocha-008-300x225.jpg 300w, https:\/\/posadadelcorumba.com\/deutsch\/wp-content\/uploads\/2013\/11\/laguna-de-rocha-008-768x576.jpg 768w, https:\/\/posadadelcorumba.com\/deutsch\/wp-content\/uploads\/2013\/11\/laguna-de-rocha-008-1024x768.jpg 1024w, https:\/\/posadadelcorumba.com\/deutsch\/wp-content\/uploads\/2013\/11\/laguna-de-rocha-008.jpg 1600w\" sizes=\"(max-width: 300px) 100vw, 300px\" \/>\n\t\t\t<\/dt>\n<dd class='wp-caption-text gallery-caption' id='gallery-1-927'>\n\t\t\t\tAngeln\n\t\t\t\t<\/dd>\n<\/dl>\n<p>\t\t\t<br style='clear: both' \/>\n\t\t<\/div>\n","protected":false},"excerpt":{"rendered":"<p>Die Posada l\u00e4dt mit ihrer besonderen s\u00fcdl\u00e4ndischen Atmosph\u00e4re ein. H\u00f6lzer und wilde Blumen, Farben und D\u00fcfte, Windbrisen und Vogelges\u00e4nge warten auf Sie, um Mutter Natur zu ersp\u00fcren, erleben und erfahren. Unser prim\u00e4res Ziel ist es, dem einzigartigen Frieden und der Stille n\u00e4her zu kommen, die nur Mutter Erde geben kann.<\/p>\n","protected":false},"author":1,"featured_media":0,"parent":0,"menu_order":0,"comment_status":"open","ping_status":"open","template":"","meta":[],"_links":{"self":[{"href":"https:\/\/posadadelcorumba.com\/deutsch\/wp-json\/wp\/v2\/pages\/471"}],"collection":[{"href":"https:\/\/posadadelcorumba.com\/deutsch\/wp-json\/wp\/v2\/pages"}],"about":[{"href":"https:\/\/posadadelcorumba.com\/deutsch\/wp-json\/wp\/v2\/types\/page"}],"author":[{"embeddable":true,"href":"https:\/\/posadadelcorumba.com\/deutsch\/wp-json\/wp\/v2\/users\/1"}],"replies":[{"embeddable":true,"href":"https:\/\/posadadelcorumba.com\/deutsch\/wp-json\/wp\/v2\/comments?post=471"}],"version-history":[{"count":15,"href":"https:\/\/posadadelcorumba.com\/deutsch\/wp-json\/wp\/v2\/pages\/471\/revisions"}],"predecessor-version":[{"id":1305,"href":"https:\/\/posadadelcorumba.com\/deutsch\/wp-json\/wp\/v2\/pages\/471\/revisions\/1305"}],"wp:attachment":[{"href":"https:\/\/posadadelcorumba.com\/deutsch\/wp-json\/wp\/v2\/media?parent=471"}],"curies":[{"name":"wp","href":"https:\/\/api.w.org\/{rel}","templated":true}]}}