{"id":389,"date":"2013-11-25T09:33:55","date_gmt":"2013-11-25T09:33:55","guid":{"rendered":"http:\/\/localhost\/paradise-cove\/?page_id=389"},"modified":"2023-09-01T16:11:59","modified_gmt":"2023-09-01T19:11:59","slug":"home-slider-1-2","status":"publish","type":"page","link":"https:\/\/posadadelcorumba.com\/deutsch\/","title":{"rendered":"Home Slider 1"},"content":{"rendered":"<div class=\"block-list promo-list clearfix\" style=\"padding: 10px 0;\">\r\n\r\n<div class=\"block-item\">\n                    <div class=\"block-image\">\n                        <img src=\"http:\/\/posadadelcorumba.com\/web\/wp-content\/uploads\/2016\/08\/5-e1467825222962-300x280.jpg\" alt=\"\"\/>\n                        <div class=\"block-caption\"><h2>Spezielle Angebote<\/h2><\/div>\n                    <\/div>\n                    <div class=\"block-aside\">\n                        <div class=\"offer-slider\">\n                            <ul id=\"offers\"><li class=\"offer-slide\">\n                                                <h3><span>Special Offer: <\/span>\n                                                    <a href=\"https:\/\/posadadelcorumba.com\/deutsch\/all-offer-list\/promo-4x3\/\">2024\/2025<\/a>\n                                                <\/h3>\n                                                <p><\/p>\n                                            <\/li><\/ul>\n                            <div class=\"slider-navi\">\n                                <div class=\"pag\" id=\"offers_pag\"><\/div>\n                                <a href=\"#\" class=\"prev\" id=\"offers_prev\"><span class=\"icon icon-angle-left\"><\/span><\/a>\n                                <a href=\"#\" class=\"next\" id=\"offers_next\"><span class=\"icon icon-angle-right\"><\/span><\/a>\n                            <\/div>\n                        <\/div>\n                        <script>\n                            jQuery(document).ready(function($) {\n                                jQuery(\"#offers\").carouFredSel({\n                                    circular\t: true,\n                                    infinite\t: false,\n                                    auto \t\t: false,\n                                    items       : 1,\n                                    responsive: true,\n                                    prev : \"#offers_prev\",\n                                    next : \"#offers_next\",\n                                    pagination : \"#offers_pag\"\n                                });\n                            });\n                        <\/script>\n                    <\/div>\n                    <div class=\"block-meta\">\n                        <a href=\"https:\/\/posadadelcorumba.com\/deutsch\/offer-list\/spezielle-angebote\/\">VIEW DETAILS<\/a>\n                    <\/div>\n                <\/div> <div class=\"block-item\">\n                    <div class=\"block-image\">\n                        <img src=\"http:\/\/posadadelcorumba.com\/deutsch\/wp-content\/uploads\/2013\/11\/surf-006-1-300x280.jpg\" alt=\"\"\/>\n                        <div class=\"block-caption\"><h2 style=\"color:\">Service<\/h2><\/div>\n                    <\/div>\n                    <div class=\"block-aside\">\n                        \r\n<h3>Service<\/h3>\r\n<div class=\"list-minimal clearfix\">\r\n\r\nW-LAN in allen Wohnungen\r\nt\u00e4gliche Reinigung\r\nSafe, Kabel-TV\r\ndigitale Video\u00fcberwachung\r\nParkplatz direkt vor der Wohnung.\r\n\r\n<\/div>\r\n\n                    <\/div>\n                    <div class=\"block-meta\">\n                        <a href=\"http:\/\/posadadelcorumba.com\/deutsch\/?page_id=208\">+ Info<\/a>\n                    <\/div>\n            <\/div> <div class=\"block-item\">\n                    <div class=\"block-image\">\n                        <img src=\"http:\/\/posadadelcorumba.com\/web\/wp-content\/uploads\/2016\/08\/22-e1467657010586-300x280.jpg\" alt=\"\"\/>\n                        <div class=\"block-caption\"><h2 style=\"color:#2a303b\">Transport<\/h2><\/div>\n                    <\/div>\n                    <div class=\"block-aside\">\n                        \r\n<h3>Transport<\/h3>\r\nEs wird empfohlen, mit dem Auto anzureisen oder Fahrr\u00e4der auszuleihen. Busse fahren in der Hochsaison ins Zentrum. Taxis k\u00f6nnen ganzj\u00e4hrig bestellt werden\u00a0\n                    <\/div>\n                    <div class=\"block-meta\">\n                        <a href=\"http:\/\/posadadelcorumba.com\/deutsch\/?page_id=115\">siehe Karte<\/a>\n                    <\/div>\n            <\/div>\r\n\r\n<\/div>\r\n<div class=\"brz-root__container\"><\/div>","protected":false},"excerpt":{"rendered":"","protected":false},"author":1,"featured_media":0,"parent":0,"menu_order":0,"comment_status":"closed","ping_status":"open","template":"template-page-full.php","meta":[],"_links":{"self":[{"href":"https:\/\/posadadelcorumba.com\/deutsch\/wp-json\/wp\/v2\/pages\/389"}],"collection":[{"href":"https:\/\/posadadelcorumba.com\/deutsch\/wp-json\/wp\/v2\/pages"}],"about":[{"href":"https:\/\/posadadelcorumba.com\/deutsch\/wp-json\/wp\/v2\/types\/page"}],"author":[{"embeddable":true,"href":"https:\/\/posadadelcorumba.com\/deutsch\/wp-json\/wp\/v2\/users\/1"}],"replies":[{"embeddable":true,"href":"https:\/\/posadadelcorumba.com\/deutsch\/wp-json\/wp\/v2\/comments?post=389"}],"version-history":[{"count":23,"href":"https:\/\/posadadelcorumba.com\/deutsch\/wp-json\/wp\/v2\/pages\/389\/revisions"}],"predecessor-version":[{"id":1713,"href":"https:\/\/posadadelcorumba.com\/deutsch\/wp-json\/wp\/v2\/pages\/389\/revisions\/1713"}],"wp:attachment":[{"href":"https:\/\/posadadelcorumba.com\/deutsch\/wp-json\/wp\/v2\/media?parent=389"}],"curies":[{"name":"wp","href":"https:\/\/api.w.org\/{rel}","templated":true}]}}